{"id":46652,"date":"2024-09-02T13:08:07","date_gmt":"2024-09-02T13:08:07","guid":{"rendered":"https:\/\/psychologydictionary.ae\/sources\/"},"modified":"2025-03-29T19:40:45","modified_gmt":"2025-03-29T19:40:45","slug":"sources","status":"publish","type":"page","link":"https:\/\/psychologydictionary.ae\/fr\/sources\/","title":{"rendered":"Sources"},"content":{"rendered":"\t\t<div data-elementor-type=\"wp-page\" data-elementor-id=\"46652\" class=\"elementor elementor-46652 elementor-17261\" data-elementor-post-type=\"page\">\n\t\t\t\t\t\t<section class=\"elementor-section elementor-top-section elementor-element elementor-element-16e62e2 elementor-section-boxed elementor-section-height-default elementor-section-height-default rt-parallax-bg-no\" data-id=\"16e62e2\" data-element_type=\"section\" data-e-type=\"section\">\n\t\t\t\t\t\t<div class=\"elementor-container elementor-column-gap-default\">\n\t\t\t\t\t<div class=\"elementor-column elementor-col-100 elementor-top-column elementor-element elementor-element-e71ba5d\" data-id=\"e71ba5d\" data-element_type=\"column\" data-e-type=\"column\">\n\t\t\t<div class=\"elementor-widget-wrap elementor-element-populated\">\n\t\t\t\t\t\t<div class=\"elementor-element elementor-element-35976ad elementor-widget elementor-widget-text-editor\" data-id=\"35976ad\" data-element_type=\"widget\" data-e-type=\"widget\" data-widget_type=\"text-editor.default\">\n\t\t\t\t<div class=\"elementor-widget-container\">\n\t\t\t\t\t\t\t\t\t<p>1. Ruslanian, K. Shoboff, Y. (1987). Dictionnaire m\u00e9dical russe-arabe. \u00c9dit\u00e9 par Ejlal Abdel Razek Ahmed. Troisi\u00e8me \u00e9dition. St\u00e9r\u00e9otype. Maison d\u2019\u00e9dition : Maison de langue russe pour l\u2019imprimerie et l\u2019\u00e9dition. Moscou. Langue russe. 607 pages (en anglais)               <\/p>\n\t\t\t\t\t\t\t\t<\/div>\n\t\t\t\t<\/div>\n\t\t\t\t<div class=\"elementor-element elementor-element-90e0eaa elementor-widget elementor-widget-text-editor\" data-id=\"90e0eaa\" data-element_type=\"widget\" data-e-type=\"widget\" data-widget_type=\"text-editor.default\">\n\t\t\t\t<div class=\"elementor-widget-container\">\n\t\t\t\t\t\t\t\t\t<p>2. Baranov, K. K. (2006). Un grand dictionnaire russe-arabe. Sixi\u00e8me \u00e9dition. (deux volumes). St\u00e9r\u00e9otype. Maison d\u2019\u00e9dition : Maison de langue russe pour l\u2019imprimerie et l\u2019\u00e9dition. Moscou. Langue vivante. 456 pages (en anglais)              <\/p>\n\t\t\t\t\t\t\t\t<\/div>\n\t\t\t\t<\/div>\n\t\t\t\t<div class=\"elementor-element elementor-element-8145799 elementor-widget elementor-widget-text-editor\" data-id=\"8145799\" data-element_type=\"widget\" data-e-type=\"widget\" data-widget_type=\"text-editor.default\">\n\t\t\t\t<div class=\"elementor-widget-container\">\n\t\t\t\t\t\t\t\t\t<p>3. Borisov, V. M. (1981). Dictionnaire russe-arabe. St\u00e9r\u00e9otype. Maison d\u2019\u00e9dition : Encyclop\u00e9die sovi\u00e9tique. Moscou         <\/p>\n\t\t\t\t\t\t\t\t<\/div>\n\t\t\t\t<\/div>\n\t\t\t\t<div class=\"elementor-element elementor-element-28aca70 elementor-widget elementor-widget-text-editor\" data-id=\"28aca70\" data-element_type=\"widget\" data-e-type=\"widget\" data-widget_type=\"text-editor.default\">\n\t\t\t\t<div class=\"elementor-widget-container\">\n\t\t\t\t\t\t\t\t\t<p>4. Borisov, F. M. (1997). Dictionnaire russe-arabe \/ entreprises. Modifier Belkina, F. M. Encyclop\u00e9die sovi\u00e9tique. 1120 pages (en anglais)         <\/p>\n\t\t\t\t\t\t\t\t<\/div>\n\t\t\t\t<\/div>\n\t\t\t\t<div class=\"elementor-element elementor-element-0870fce elementor-widget elementor-widget-text-editor\" data-id=\"0870fce\" data-element_type=\"widget\" data-e-type=\"widget\" data-widget_type=\"text-editor.default\">\n\t\t\t\t<div class=\"elementor-widget-container\">\n\t\t\t\t\t\t\t\t\t<p>5. Zhelyarov, M. S. (1986). Encyclopedic Biological Dictionary, \u00e9dit\u00e9 par Biff, A. un. et al. Maison d\u2019\u00e9dition : Encyclop\u00e9die sovi\u00e9tique. 831 pages (en anglais)            <\/p>\n\t\t\t\t\t\t\t\t<\/div>\n\t\t\t\t<\/div>\n\t\t\t\t<div class=\"elementor-element elementor-element-7439d0f elementor-widget elementor-widget-text-editor\" data-id=\"7439d0f\" data-element_type=\"widget\" data-e-type=\"widget\" data-widget_type=\"text-editor.default\">\n\t\t\t\t<div class=\"elementor-widget-container\">\n\t\t\t\t\t\t\t\t\t<p>6. Panov, F. J. (1993). Encyclop\u00e9die p\u00e9dagogique russe. Deux volumes\/chapitre. \u00c9dit\u00e9 par Panov, V. M. Bolshaya, M. Editeur&nbsp;: La Grande Encyclop\u00e9die Russe. Moscou. 607 pages (en anglais)              <\/p>\n\t\t\t\t\t\t\t\t<\/div>\n\t\t\t\t<\/div>\n\t\t\t\t<div class=\"elementor-element elementor-element-3a92805 elementor-widget elementor-widget-text-editor\" data-id=\"3a92805\" data-element_type=\"widget\" data-e-type=\"widget\" data-widget_type=\"text-editor.default\">\n\t\t\t\t<div class=\"elementor-widget-container\">\n\t\t\t\t\t\t\t\t\t<p>7. Avdeva, N. N. et al. (1996). Psychological Dictionary, deuxi\u00e8me \u00e9dition r\u00e9vis\u00e9e. Maison d\u2019\u00e9dition : Education Press. Moscou. 438 pages (en anglais)            <\/p>\n\t\t\t\t\t\t\t\t<\/div>\n\t\t\t\t<\/div>\n\t\t\t\t<div class=\"elementor-element elementor-element-0f4cef4 elementor-widget elementor-widget-text-editor\" data-id=\"0f4cef4\" data-element_type=\"widget\" data-e-type=\"widget\" data-widget_type=\"text-editor.default\">\n\t\t\t\t<div class=\"elementor-widget-container\">\n\t\t\t\t\t\t\t\t\t<p>8. Abramenkova, V.F. et al. (1990). Dictionnaire de psychologie, deuxi\u00e8me \u00e9dition, modifi\u00e9 et \u00e9tendu, Petrovsky, A. V. Yaroshevsky, M. J. Publishing House : Maison d\u2019\u00e9dition de litt\u00e9rature politique. Moscou. 494 pages (en anglais)                 <\/p>\n\t\t\t\t\t\t\t\t<\/div>\n\t\t\t\t<\/div>\n\t\t\t\t<div class=\"elementor-element elementor-element-1a12bff elementor-widget elementor-widget-text-editor\" data-id=\"1a12bff\" data-element_type=\"widget\" data-e-type=\"widget\" data-widget_type=\"text-editor.default\">\n\t\t\t\t<div class=\"elementor-widget-container\">\n\t\t\t\t\t\t\t\t\t<p>9. Larchenko, N.A. (2012). Dictionnaire \u00e9ducatif en psychologie. Maison d\u2019\u00e9dition : Phoenix Publishing. Rostov-sur-le-Don. Russie. 213 pages (en anglais)           <\/p>\n\t\t\t\t\t\t\t\t<\/div>\n\t\t\t\t<\/div>\n\t\t\t\t<div class=\"elementor-element elementor-element-51143c0 elementor-widget elementor-widget-text-editor\" data-id=\"51143c0\" data-element_type=\"widget\" data-e-type=\"widget\" data-widget_type=\"text-editor.default\">\n\t\t\t\t<div class=\"elementor-widget-container\">\n\t\t\t\t\t\t\t\t\t<p>10. Korgiva, E. M. Naumova, N. F. (1989). Un bref dictionnaire de sociologie. Maison d\u2019\u00e9dition de litt\u00e9rature politique. Moscou. 479 pages (en anglais)           <\/p>\n\t\t\t\t\t\t\t\t<\/div>\n\t\t\t\t<\/div>\n\t\t\t\t<div class=\"elementor-element elementor-element-47a6edb elementor-widget elementor-widget-text-editor\" data-id=\"47a6edb\" data-element_type=\"widget\" data-e-type=\"widget\" data-widget_type=\"text-editor.default\">\n\t\t\t\t<div class=\"elementor-widget-container\">\n\t\t\t\t\t\t\t\t\t<p>11. M\u00fcller, F.K. et al. (1998). Dictionnaire anglais-russe moderne. Cinqui\u00e8me \u00e9dition. Supprim\u00e9. Maison d\u2019\u00e9dition : Maison de langue russe pour l\u2019imprimerie et l\u2019\u00e9dition. Moscou. 880 pages (en anglais)             <\/p>\n\t\t\t\t\t\t\t\t<\/div>\n\t\t\t\t<\/div>\n\t\t\t\t<div class=\"elementor-element elementor-element-1f0bf75 elementor-widget elementor-widget-text-editor\" data-id=\"1f0bf75\" data-element_type=\"widget\" data-e-type=\"widget\" data-widget_type=\"text-editor.default\">\n\t\t\t\t<div class=\"elementor-widget-container\">\n\t\t\t\t\t\t\t\t\t<p>12. Suysik. un. L. (2019). Bref dictionnaire psychologique. Maison d\u2019\u00e9dition : Prospect Research. Moscou. Page 512 (traduction libre)          <\/p>\n\t\t\t\t\t\t\t\t<\/div>\n\t\t\t\t<\/div>\n\t\t\t\t<div class=\"elementor-element elementor-element-97b52eb elementor-widget elementor-widget-text-editor\" data-id=\"97b52eb\" data-element_type=\"widget\" data-e-type=\"widget\" data-widget_type=\"text-editor.default\">\n\t\t\t\t<div class=\"elementor-widget-container\">\n\t\t\t\t\t\t\t\t\t<p>13. Chibisova, W.E. et al. (1993). Dictionnaire biologique anglais-russe, cinqui\u00e8me \u00e9dition, r\u00e9vis\u00e9 et r\u00e9vis\u00e9. Maison d\u2019\u00e9dition : Maison de langue russe pour l\u2019imprimerie et l\u2019\u00e9dition. Moscou. 736 pages (en anglais)             <\/p>\n\t\t\t\t\t\t\t\t<\/div>\n\t\t\t\t<\/div>\n\t\t\t\t<div class=\"elementor-element elementor-element-4553a13 elementor-widget elementor-widget-text-editor\" data-id=\"4553a13\" data-element_type=\"widget\" data-e-type=\"widget\" data-widget_type=\"text-editor.default\">\n\t\t\t\t<div class=\"elementor-widget-container\">\n\t\t\t\t\t\t\t\t\t<p>14. Shapar. F.B. et al. (2009). Dictionnaire psychologique moderne. Quatri\u00e8me \u00e9dition, maison d\u2019\u00e9dition : Phoenix Publishing House. Rostov-sur-le-Don. Russie. 816 pages (en anglais)             <\/p>\n\t\t\t\t\t\t\t\t<\/div>\n\t\t\t\t<\/div>\n\t\t\t\t<div class=\"elementor-element elementor-element-529d14d elementor-widget elementor-widget-text-editor\" data-id=\"529d14d\" data-element_type=\"widget\" data-e-type=\"widget\" data-widget_type=\"text-editor.default\">\n\t\t\t\t<div class=\"elementor-widget-container\">\n\t\t\t\t\t\t\t\t\t<p>15. Sharbatov, J. S. (1981). Dictionnaire scolaire russe-arabe. \u00c9dit\u00e9 par Mohamed Maasrani. Maison d\u2019\u00e9dition : Encyclop\u00e9die sovi\u00e9tique. Moscou. 1080 pages (en anglais)         <\/p>\n\t\t\t\t\t\t\t\t<\/div>\n\t\t\t\t<\/div>\n\t\t\t\t<div class=\"elementor-element elementor-element-560057c elementor-widget elementor-widget-text-editor\" data-id=\"560057c\" data-element_type=\"widget\" data-e-type=\"widget\" data-widget_type=\"text-editor.default\">\n\t\t\t\t<div class=\"elementor-widget-container\">\n\t\t\t\t\t\t\t\t\t<p>16. Hammadi, Anwar. (2022). Cinqui\u00e8me Manuel diagnostique et statistique des troubles mentaux. Version modifi\u00e9e. Association am\u00e9ricaine de psychiatrie. Washington. Maison d\u2019\u00e9dition : American Psychiatric Association Press. (2022). 974 pages (en anglais)            <\/p>\n\t\t\t\t\t\t\t\t<\/div>\n\t\t\t\t<\/div>\n\t\t\t\t<div class=\"elementor-element elementor-element-55a8b99 elementor-widget elementor-widget-text-editor\" data-id=\"55a8b99\" data-element_type=\"widget\" data-e-type=\"widget\" data-widget_type=\"text-editor.default\">\n\t\t\t\t<div class=\"elementor-widget-container\">\n\t\t\t\t\t\t\t\t\t<p>17. Al-Hammadi, Anwar. (2021). Troubles mentaux et comportementaux dans la Classification internationale des maladies. \u00c9dition 11. Organisation mondiale de la sant\u00e9. Gen\u00e8ve. Suisse. Maison d\u2019\u00e9dition : WHO Press. (2018). 1196 pages (en anglais)             <\/p>\n\t\t\t\t\t\t\t\t<\/div>\n\t\t\t\t<\/div>\n\t\t\t\t<div class=\"elementor-element elementor-element-e83a5b8 elementor-widget elementor-widget-text-editor\" data-id=\"e83a5b8\" data-element_type=\"widget\" data-e-type=\"widget\" data-widget_type=\"text-editor.default\">\n\t\t\t\t<div class=\"elementor-widget-container\">\n\t\t\t\t\t\t\t\t\t<p>18. Vandenbus, J. R. (2006). Dictionnaire de psychologie de l\u2019American Psychological Association. Premi\u00e8re \u00e9dition. Washington. Am\u00e9rique. Maison d\u2019\u00e9dition : Publications de l\u2019American Psychological Association. 1056 pages.            <\/p>\n\t\t\t\t\t\t\t\t<\/div>\n\t\t\t\t<\/div>\n\t\t\t\t\t<\/div>\n\t\t<\/div>\n\t\t\t\t\t<\/div>\n\t\t<\/section>\n\t\t\t\t<\/div>\n\t\t","protected":false},"excerpt":{"rendered":"<p>1. Ruslanian, K. Shoboff, Y. (1987). Dictionnaire m\u00e9dical russe-arabe. \u00c9dit\u00e9 par Ejlal Abdel Razek Ahmed. Troisi\u00e8me \u00e9dition. St\u00e9r\u00e9otype. Maison d\u2019\u00e9dition : Maison de langue russe pour l\u2019imprimerie et l\u2019\u00e9dition. Moscou. Langue russe. 607 pages (en anglais) 2. Baranov, K. K. (2006). Un grand dictionnaire russe-arabe. Sixi\u00e8me \u00e9dition. (deux volumes). St\u00e9r\u00e9otype. Maison d\u2019\u00e9dition : Maison de [&hellip;]<\/p>\n","protected":false},"author":1,"featured_media":0,"parent":0,"menu_order":0,"comment_status":"closed","ping_status":"closed","template":"","meta":{"_bbp_topic_count":0,"_bbp_reply_count":0,"_bbp_total_topic_count":0,"_bbp_total_reply_count":0,"_bbp_voice_count":0,"_bbp_anonymous_reply_count":0,"_bbp_topic_count_hidden":0,"_bbp_reply_count_hidden":0,"_bbp_forum_subforum_count":0,"footnotes":""},"class_list":["post-46652","page","type-page","status-publish","hentry"],"_links":{"self":[{"href":"https:\/\/psychologydictionary.ae\/fr\/wp-json\/wp\/v2\/pages\/46652","targetHints":{"allow":["GET"]}}],"collection":[{"href":"https:\/\/psychologydictionary.ae\/fr\/wp-json\/wp\/v2\/pages"}],"about":[{"href":"https:\/\/psychologydictionary.ae\/fr\/wp-json\/wp\/v2\/types\/page"}],"author":[{"embeddable":true,"href":"https:\/\/psychologydictionary.ae\/fr\/wp-json\/wp\/v2\/users\/1"}],"replies":[{"embeddable":true,"href":"https:\/\/psychologydictionary.ae\/fr\/wp-json\/wp\/v2\/comments?post=46652"}],"version-history":[{"count":1,"href":"https:\/\/psychologydictionary.ae\/fr\/wp-json\/wp\/v2\/pages\/46652\/revisions"}],"predecessor-version":[{"id":46655,"href":"https:\/\/psychologydictionary.ae\/fr\/wp-json\/wp\/v2\/pages\/46652\/revisions\/46655"}],"wp:attachment":[{"href":"https:\/\/psychologydictionary.ae\/fr\/wp-json\/wp\/v2\/media?parent=46652"}],"curies":[{"name":"wp","href":"https:\/\/api.w.org\/{rel}","templated":true}]}}