{"id":46653,"date":"2024-11-08T07:45:54","date_gmt":"2024-11-08T07:45:54","guid":{"rendered":"https:\/\/psychologydictionary.ae\/prix-du-dictionnaire-de-psychologie-pour-la-recherche-scientifique\/"},"modified":"2025-03-29T19:40:42","modified_gmt":"2025-03-29T19:40:42","slug":"prix-du-dictionnaire-de-psychologie-pour-la-recherche-scientifique","status":"publish","type":"page","link":"https:\/\/psychologydictionary.ae\/fr\/prix-du-dictionnaire-de-psychologie-pour-la-recherche-scientifique\/","title":{"rendered":"Prix du dictionnaire de psychologie pour la recherche scientifique"},"content":{"rendered":"\t\t<div data-elementor-type=\"wp-page\" data-elementor-id=\"46653\" class=\"elementor elementor-46653 elementor-45416\" data-elementor-post-type=\"page\">\n\t\t\t\t\t\t<section class=\"elementor-section elementor-top-section elementor-element elementor-element-3dff2325 elementor-section-boxed elementor-section-height-default elementor-section-height-default rt-parallax-bg-no\" data-id=\"3dff2325\" data-element_type=\"section\" data-e-type=\"section\">\n\t\t\t\t\t\t<div class=\"elementor-container elementor-column-gap-default\">\n\t\t\t\t\t<div class=\"elementor-column elementor-col-100 elementor-top-column elementor-element elementor-element-7caf3e44\" data-id=\"7caf3e44\" data-element_type=\"column\" data-e-type=\"column\">\n\t\t\t<div class=\"elementor-widget-wrap elementor-element-populated\">\n\t\t\t\t\t\t<div class=\"elementor-element elementor-element-33c62f22 elementor-widget elementor-widget-text-editor\" data-id=\"33c62f22\" data-element_type=\"widget\" data-e-type=\"widget\" data-widget_type=\"text-editor.default\">\n\t\t\t\t<div class=\"elementor-widget-container\">\n\t\t\t\t\t\t\t\t\t<p><\/p>\n<h2 class=\"wp-block-heading\">\u00c0 propos du prix<\/h2>\n<p><\/p>\n<p><\/p>\n<p>Le Prix du dictionnaire de psychologie pour la recherche scientifique, cr\u00e9\u00e9 sous l\u2019\u00e9gide du projet de dictionnaire de psychologie EAU-Russie, est une plate-forme prestigieuse qui vise \u00e0 promouvoir et \u00e0 soutenir l\u2019excellence dans la recherche scientifique et les \u00e9tudes psychologiques. Ce prix r\u00e9affirme l\u2019engagement \u00e0 encourager le dialogue universitaire et le d\u00e9veloppement de la recherche psychologique entre les communaut\u00e9s universitaires arabophones et russophones, car il offre aux \u00e9tudiants, aux chercheurs et aux universitaires l\u2019occasion de pr\u00e9senter leurs contributions scientifiques et de mettre en lumi\u00e8re la recherche interculturelle qui enrichit la compr\u00e9hension mondiale du domaine de la psychologie.    <\/p>\n<p><\/p>\n<p><\/p>\n<p>Le dictionnaire psychologique \u00e9mirati-russe a \u00e9t\u00e9 d\u00e9velopp\u00e9 gr\u00e2ce \u00e0 une collaboration acad\u00e9mique fructueuse entre l\u2019Organisation sup\u00e9rieure Zayed pour les personnes d\u00e9termin\u00e9es et l\u2019Universit\u00e9 f\u00e9d\u00e9rale de l\u2019Oural, dans le but de r\u00e9pondre au besoin urgent d\u2019une r\u00e9f\u00e9rence compl\u00e8te couvrant la terminologie psychologique en arabe et en russe. Le Centre de recherche et d\u2019\u00e9tudes des \u00c9mirats arabes unis, qui fait partie de la Fondation des \u00c9mirats pour la science et la recherche, participe \u00e0 cette initiative acad\u00e9mique, soulignant l\u2019importance de la coop\u00e9ration scientifique pour promouvoir les connaissances interculturelles.    <\/p>\n<p><\/p>\n<p><\/p>\n<p>Le prix vise \u00e0 r\u00e9compenser la recherche pionni\u00e8re qui aborde des d\u00e9fis complexes dans la traduction et l\u2019adaptation de concepts psychologiques entre l\u2019arabe et le russe. En outre, le prix reconna\u00eet le r\u00f4le vital de la technologie dans la recherche moderne en consacrant une cat\u00e9gorie sp\u00e9ciale \u00e0 la meilleure utilisation de Dictionary GPT, un outil d\u2019intelligence artificielle sophistiqu\u00e9 entra\u00een\u00e9 sur les donn\u00e9es du dictionnaire. Cette approche met en \u00e9vidence la vision future de l\u2019initiative, qui combine la recherche scientifique traditionnelle avec des solutions techniques innovantes.     <\/p>\n<p><\/p>\n<p><\/p>\n<p>Le Prix international de psychologie c\u00e9l\u00e8bre non seulement les r\u00e9alisations acad\u00e9miques individuelles, mais promeut \u00e9galement un esprit de recherche collective du savoir. \u00c0 travers ce prix, le projet de dictionnaire psychologique \u00e9mirati-russe aspire \u00e0 contribuer \u00e0 enrichir les connaissances psychologiques mondiales, \u00e0 soutenir les chercheurs \u00e9mergents et \u00e0 inspirer de futures recherches qui refl\u00e8tent l\u2019interconnexion croissante de notre monde.     <\/p>\n<p><\/p>\t\t\t\t\t\t\t\t<\/div>\n\t\t\t\t<\/div>\n\t\t\t\t<div class=\"elementor-element elementor-element-159cc37 elementor-invisible elementor-widget elementor-widget-rt-button\" data-id=\"159cc37\" data-element_type=\"widget\" data-e-type=\"widget\" data-widget_type=\"rt-button.default\">\n\t\t\t\t<div class=\"elementor-widget-container\">\n\t\t\t\t\t<div class=\"rt-button hide fadeInUp\" data-wow-delay=\"0.2s\" data-wow-duration=\"1.2s\">\n\t\t\t<a class=\"button-link button-style-3\" href=\"https:\/\/psychologydictionary.ae\/ar\/registration\">\n        \n\n                            <span class=\"icon icon-left\"><i class=\"fas fa-plus\"><\/i><\/span>\n            \n            <span class=\"button-text button-text-left\">\u0634\u0627\u0631\u0643 \u0627\u0644\u0622\u0646<\/span>\n  \n                    <\/a>\n\t<\/div>\t\t\t\t<\/div>\n\t\t\t\t<\/div>\n\t\t\t\t\t<\/div>\n\t\t<\/div>\n\t\t\t\t\t<\/div>\n\t\t<\/section>\n\t\t\t\t<section class=\"elementor-section elementor-top-section elementor-element elementor-element-b841e2c elementor-section-boxed elementor-section-height-default elementor-section-height-default rt-parallax-bg-no\" data-id=\"b841e2c\" data-element_type=\"section\" data-e-type=\"section\">\n\t\t\t\t\t\t<div class=\"elementor-container elementor-column-gap-default\">\n\t\t\t\t\t<div class=\"elementor-column elementor-col-100 elementor-top-column elementor-element elementor-element-1fd9c96\" data-id=\"1fd9c96\" data-element_type=\"column\" data-e-type=\"column\">\n\t\t\t<div class=\"elementor-widget-wrap elementor-element-populated\">\n\t\t\t\t\t\t<div class=\"elementor-element elementor-element-e9d77af elementor-widget elementor-widget-accordion\" data-id=\"e9d77af\" data-element_type=\"widget\" data-e-type=\"widget\" data-widget_type=\"accordion.default\">\n\t\t\t\t<div class=\"elementor-widget-container\">\n\t\t\t\t\t\t\t<div class=\"elementor-accordion\">\n\t\t\t\t\t\t\t<div class=\"elementor-accordion-item\">\n\t\t\t\t\t<div id=\"elementor-tab-title-2451\" class=\"elementor-tab-title\" data-tab=\"1\" role=\"button\" aria-controls=\"elementor-tab-content-2451\" aria-expanded=\"false\">\n\t\t\t\t\t\t\t\t\t\t\t\t\t<span class=\"elementor-accordion-icon elementor-accordion-icon-left\" aria-hidden=\"true\">\n\t\t\t\t\t\t\t\t\t\t\t\t\t\t\t<span class=\"elementor-accordion-icon-closed\"><i class=\"fas fa-plus\"><\/i><\/span>\n\t\t\t\t\t\t\t\t<span class=\"elementor-accordion-icon-opened\"><i class=\"fas fa-minus\"><\/i><\/span>\n\t\t\t\t\t\t\t\t\t\t\t\t\t\t<\/span>\n\t\t\t\t\t\t\t\t\t\t\t\t<a class=\"elementor-accordion-title\" tabindex=\"0\">Objectifs du prix<\/a>\n\t\t\t\t\t<\/div>\n\t\t\t\t\t<div id=\"elementor-tab-content-2451\" class=\"elementor-tab-content elementor-clearfix\" data-tab=\"1\" role=\"region\" aria-labelledby=\"elementor-tab-title-2451\"><p>Le Prix du dictionnaire de psychologie pour la recherche scientifique est ouvert \u00e0 un large \u00e9ventail de personnes de la communaut\u00e9 universitaire afin d\u2019assurer la diversit\u00e9 des contributions et la valeur de la recherche pr\u00e9sent\u00e9e.<\/p>\n<ul>\n<li><strong>Soutien financier aux chercheurs<\/strong> : Cette bourse est l\u2019occasion d\u2019obtenir des financements pour soutenir la recherche scientifique comme contribution directe au d\u00e9veloppement du domaine de la psychologie.<\/li>\n<li><strong>Reconnaissance des efforts scientifiques<\/strong> : Le prix vise \u00e0 honorer les chercheurs pour leurs r\u00e9alisations scientifiques, leurs contributions acad\u00e9miques et leurs curriculum vitae exceptionnels dans le domaine de la psychologie.<\/li>\n<li><strong>Promotion de la cr\u00e9ativit\u00e9 scientifique<\/strong> : Le prix encourage la soumission de recherches innovantes qui enrichissent les connaissances scientifiques et contribuent \u00e0 l\u2019avancement du domaine.<\/li>\n<\/ul>\n<\/div>\n\t\t\t\t<\/div>\n\t\t\t\t\t\t\t<div class=\"elementor-accordion-item\">\n\t\t\t\t\t<div id=\"elementor-tab-title-2452\" class=\"elementor-tab-title\" data-tab=\"2\" role=\"button\" aria-controls=\"elementor-tab-content-2452\" aria-expanded=\"false\">\n\t\t\t\t\t\t\t\t\t\t\t\t\t<span class=\"elementor-accordion-icon elementor-accordion-icon-left\" aria-hidden=\"true\">\n\t\t\t\t\t\t\t\t\t\t\t\t\t\t\t<span class=\"elementor-accordion-icon-closed\"><i class=\"fas fa-plus\"><\/i><\/span>\n\t\t\t\t\t\t\t\t<span class=\"elementor-accordion-icon-opened\"><i class=\"fas fa-minus\"><\/i><\/span>\n\t\t\t\t\t\t\t\t\t\t\t\t\t\t<\/span>\n\t\t\t\t\t\t\t\t\t\t\t\t<a class=\"elementor-accordion-title\" tabindex=\"0\">Cat\u00e9gories de prix<\/a>\n\t\t\t\t\t<\/div>\n\t\t\t\t\t<div id=\"elementor-tab-content-2452\" class=\"elementor-tab-content elementor-clearfix\" data-tab=\"2\" role=\"region\" aria-labelledby=\"elementor-tab-title-2452\"><p>Le Psychology Dictionary Award for Scientific Research comprend plusieurs cat\u00e9gories visant \u00e0 honorer les recherches et les contributions exceptionnelles qui am\u00e9liorent la compr\u00e9hension de la psychologie et relient diff\u00e9rentes cultures. Les quatre cat\u00e9gories du prix sont les suivantes : <\/p>\n<ol>\n<li>\n<p><strong>Prix de recherche distingu\u00e9e en psychologie interculturelle<\/strong><br \/>Cette cat\u00e9gorie vise \u00e0 honorer les recherches qui mettent en \u00e9vidence les d\u00e9fis psychologiques li\u00e9s aux diff\u00e9rences culturelles entre les soci\u00e9t\u00e9s arabes et russes. La recherche qualifi\u00e9e comprend des \u00e9tudes comparatives qui examinent l\u2019influence des facteurs culturels sur les comportements et les th\u00e9ories psychologiques, et offrent de nouvelles perspectives pour am\u00e9liorer la compr\u00e9hension mutuelle.  <\/p>\n<\/li>\n<li>\n<p><strong>Prix de la contribution m\u00e9thodologique innovante<\/strong><br \/>Ce prix est d\u00e9cern\u00e9 \u00e0 la recherche qui introduit de nouvelles approches ou de nouveaux outils qui contribuent au d\u00e9veloppement de la recherche en psychologie et \u00e0 l\u2019am\u00e9lioration de la qualit\u00e9 des \u00e9tudes. Cette cat\u00e9gorie est encourag\u00e9e \u00e0 fournir des outils de recherche ou des m\u00e9thodologies analytiques qui am\u00e9liorent la pr\u00e9cision et l\u2019efficacit\u00e9 du travail universitaire dans le domaine de la psychologie, en particulier dans des contextes multilingues.  <\/p>\n<\/li>\n<li>\n<p><strong>Prix de la meilleure utilisation de la technologie GPT du dictionnaire<\/strong><br \/>Cette cat\u00e9gorie r\u00e9compense les recherches bas\u00e9es sur l\u2019utilisation de l\u2019outil Dictionary GPT entra\u00een\u00e9 sur les donn\u00e9es du dictionnaire psychologique \u00e9mirati-russe. Ce prix r\u00e9compense les recherches qui mettent en \u00e9vidence comment l\u2019intelligence artificielle peut \u00eatre exploit\u00e9e dans le d\u00e9veloppement et l\u2019analyse de donn\u00e9es psychologiques, d\u00e9montrant ainsi les applications pratiques de la technologie moderne dans la recherche scientifique.  <\/p>\n<\/li>\n<li>\n<p><strong>Prix du chercheur \u00e9mergent<\/strong><br \/>Cette cat\u00e9gorie est r\u00e9serv\u00e9e aux nouveaux chercheurs qui d\u00e9montrent un potentiel prometteur dans le domaine de la recherche scientifique. Ce prix r\u00e9compense la recherche novatrice qui fait preuve d\u2019esprit critique et qui contribue \u00e0 enrichir le domaine avec de nouvelles id\u00e9es. Cette cat\u00e9gorie vise \u00e0 soutenir la prochaine g\u00e9n\u00e9ration de scientifiques et de chercheurs et \u00e0 les motiver \u00e0 poursuivre leur parcours acad\u00e9mique et professionnel en psychologie.  <\/p>\n<\/li>\n<\/ol>\n<\/div>\n\t\t\t\t<\/div>\n\t\t\t\t\t\t\t<div class=\"elementor-accordion-item\">\n\t\t\t\t\t<div id=\"elementor-tab-title-2453\" class=\"elementor-tab-title\" data-tab=\"3\" role=\"button\" aria-controls=\"elementor-tab-content-2453\" aria-expanded=\"false\">\n\t\t\t\t\t\t\t\t\t\t\t\t\t<span class=\"elementor-accordion-icon elementor-accordion-icon-left\" aria-hidden=\"true\">\n\t\t\t\t\t\t\t\t\t\t\t\t\t\t\t<span class=\"elementor-accordion-icon-closed\"><i class=\"fas fa-plus\"><\/i><\/span>\n\t\t\t\t\t\t\t\t<span class=\"elementor-accordion-icon-opened\"><i class=\"fas fa-minus\"><\/i><\/span>\n\t\t\t\t\t\t\t\t\t\t\t\t\t\t<\/span>\n\t\t\t\t\t\t\t\t\t\t\t\t<a class=\"elementor-accordion-title\" tabindex=\"0\">Prix  <\/a>\n\t\t\t\t\t<\/div>\n\t\t\t\t\t<div id=\"elementor-tab-content-2453\" class=\"elementor-tab-content elementor-clearfix\" data-tab=\"3\" role=\"region\" aria-labelledby=\"elementor-tab-title-2453\"><p>Les prix du Psychology Dictionary Award for Scientific Research sont d\u00e9cern\u00e9s pour des recherches et des contributions exceptionnelles dans chacune des quatre cat\u00e9gories approuv\u00e9es, et les prix comprennent : <\/p>\n<ul>\n<li><strong>Premier gagnant de chaque cat\u00e9gorie<\/strong> : Re\u00e7oit un prix en esp\u00e8ces de 3 000 USD et un certificat officiel d\u2019appr\u00e9ciation reconnaissant ses r\u00e9alisations scientifiques exceptionnelles.<\/li>\n<li><strong>Deuxi\u00e8me laur\u00e9at de chaque cat\u00e9gorie<\/strong> : re\u00e7oit un prix de 2 000 $ US et un certificat d\u2019appr\u00e9ciation pour son soutien \u00e0 une contribution de haute qualit\u00e9 au domaine de la recherche en psychologie.<\/li>\n<li><strong>Troisi\u00e8me laur\u00e9at de chaque cat\u00e9gorie<\/strong> : Re\u00e7oit un prix de 1 000 USD et un certificat d\u2019appr\u00e9ciation encourageant pour son r\u00f4le actif dans la fourniture de contenu de recherche de valeur.<\/li>\n<\/ul>\n<\/div>\n\t\t\t\t<\/div>\n\t\t\t\t\t\t\t<div class=\"elementor-accordion-item\">\n\t\t\t\t\t<div id=\"elementor-tab-title-2454\" class=\"elementor-tab-title\" data-tab=\"4\" role=\"button\" aria-controls=\"elementor-tab-content-2454\" aria-expanded=\"false\">\n\t\t\t\t\t\t\t\t\t\t\t\t\t<span class=\"elementor-accordion-icon elementor-accordion-icon-left\" aria-hidden=\"true\">\n\t\t\t\t\t\t\t\t\t\t\t\t\t\t\t<span class=\"elementor-accordion-icon-closed\"><i class=\"fas fa-plus\"><\/i><\/span>\n\t\t\t\t\t\t\t\t<span class=\"elementor-accordion-icon-opened\"><i class=\"fas fa-minus\"><\/i><\/span>\n\t\t\t\t\t\t\t\t\t\t\t\t\t\t<\/span>\n\t\t\t\t\t\t\t\t\t\t\t\t<a class=\"elementor-accordion-title\" tabindex=\"0\">Th\u00e8mes et th\u00e8mes scientifiques<\/a>\n\t\t\t\t\t<\/div>\n\t\t\t\t\t<div id=\"elementor-tab-content-2454\" class=\"elementor-tab-content elementor-clearfix\" data-tab=\"4\" role=\"region\" aria-labelledby=\"elementor-tab-title-2454\"><p>Le Psychology Dictionary Award for Scientific Research englobe une vari\u00e9t\u00e9 de sujets et de th\u00e8mes qui refl\u00e8tent les int\u00e9r\u00eats r\u00e9cents et les d\u00e9fis acad\u00e9miques dans le domaine de la psychologie. Ces sujets comprennent : <\/p>\n<ol>\n<li>\n<p><strong>Les d\u00e9fis de la traduction et de l\u2019adaptation de la terminologie psychologique<\/strong><br \/>Ces th\u00e8mes mettent en \u00e9vidence les d\u00e9fis auxquels sont confront\u00e9s les chercheurs et les traducteurs dans l\u2019adaptation et la traduction des termes psychologiques entre l\u2019arabe et le russe, ainsi que la recherche sur les meilleurs moyens de surmonter ces obstacles pour am\u00e9liorer la communication scientifique. <\/p>\n<\/li>\n<li>\n<p><strong>\u00c9tudes comparatives des th\u00e9ories et des pratiques psychologiques<\/strong><br \/>Ces th\u00e8mes encouragent la recherche qui compare les th\u00e9ories et les pratiques psychologiques dans les soci\u00e9t\u00e9s arabes et russes, et examine comment leurs applications diff\u00e8rent et affectent les individus et les soci\u00e9t\u00e9s. <\/p>\n<\/li>\n<li>\n<p><strong>Les outils psychologiques et leur \u00e9valuation \u00e0 travers les cultures<\/strong><br \/>Ces th\u00e8mes se concentrent sur la recherche qui d\u00e9veloppe ou \u00e9value des outils psychologiques utilis\u00e9s dans des contextes multiculturels, en tenant compte des facteurs linguistiques et culturels affectant la pr\u00e9cision et l\u2019efficacit\u00e9 de ces outils. <\/p>\n<\/li>\n<li>\n<p><strong>Applications de la recherche psychologique dans les domaines de la sant\u00e9 publique et de l\u2019\u00e9ducation<\/strong><br \/>Il s\u2019agit notamment d\u2019\u00e9tudes sur la fa\u00e7on dont les r\u00e9sultats de la recherche psychologique peuvent \u00eatre utilis\u00e9s pour \u00e9laborer des politiques et des pratiques en mati\u00e8re de sant\u00e9 publique et d\u2019\u00e9ducation afin d\u2019am\u00e9liorer le bien-\u00eatre des individus et des communaut\u00e9s. <\/p>\n<\/li>\n<li>\n<p><strong>Innovation dans l\u2019utilisation de la technologie dans la recherche psychologique<\/strong><br \/>Ces th\u00e8mes abordent des recherches qui s\u2019appuient sur des outils tels que le Dictionnaire GPT pour d\u00e9velopper ou analyser la recherche psychologique de mani\u00e8re innovante, d\u00e9montrant ainsi le potentiel de l\u2019IA \u00e0 am\u00e9liorer les r\u00e9sultats de la recherche et \u00e0 \u00e9largir ses horizons. <\/p>\n<\/li>\n<li>\n<p><strong>Les d\u00e9fis sociaux et psychologiques et leur impact sur les individus<\/strong><br \/>Ces th\u00e8mes abordent des recherches qui examinent les d\u00e9fis psychologiques et sociaux auxquels sont confront\u00e9s les individus dans diff\u00e9rentes soci\u00e9t\u00e9s, tels que le stress psychologique, les effets des traumatismes et la fa\u00e7on d\u2019y faire face. <\/p>\n<\/li>\n<\/ol>\n<\/div>\n\t\t\t\t<\/div>\n\t\t\t\t\t\t\t<div class=\"elementor-accordion-item\">\n\t\t\t\t\t<div id=\"elementor-tab-title-2455\" class=\"elementor-tab-title\" data-tab=\"5\" role=\"button\" aria-controls=\"elementor-tab-content-2455\" aria-expanded=\"false\">\n\t\t\t\t\t\t\t\t\t\t\t\t\t<span class=\"elementor-accordion-icon elementor-accordion-icon-left\" aria-hidden=\"true\">\n\t\t\t\t\t\t\t\t\t\t\t\t\t\t\t<span class=\"elementor-accordion-icon-closed\"><i class=\"fas fa-plus\"><\/i><\/span>\n\t\t\t\t\t\t\t\t<span class=\"elementor-accordion-icon-opened\"><i class=\"fas fa-minus\"><\/i><\/span>\n\t\t\t\t\t\t\t\t\t\t\t\t\t\t<\/span>\n\t\t\t\t\t\t\t\t\t\t\t\t<a class=\"elementor-accordion-title\" tabindex=\"0\">Comment postuler  <\/a>\n\t\t\t\t\t<\/div>\n\t\t\t\t\t<div id=\"elementor-tab-content-2455\" class=\"elementor-tab-content elementor-clearfix\" data-tab=\"5\" role=\"region\" aria-labelledby=\"elementor-tab-title-2455\"><p><strong>Premi\u00e8re \u00e9tape : l\u2019inscription en ligne <\/strong><\/p>\n<ul>\n<li>Les participants s\u2019inscrivent via un formulaire \u00e9lectronique disponible sur le site officiel du Prix : <a href=\"http:\/\/psychologydictionary.ae\" target=\"_new\" rel=\"noopener\">http:\/\/psychologydictionary.ae<\/a>.<\/li>\n<li>Le formulaire comprend des informations personnelles telles que le nom complet, l\u2019adresse e-mail et l\u2019\u00e9tablissement d\u2019enseignement, ainsi que la s\u00e9lection de la cat\u00e9gorie pour laquelle le participant souhaite postuler dans le cadre du prix.   <\/li>\n<\/ul>\n<p><strong>Deuxi\u00e8me \u00e9tape : \u00c9tape de pr\u00e9s\u00e9lection <\/strong><\/p>\n<ul>\n<li>Le comit\u00e9 d\u2019attribution examine les demandes initiales et s\u00e9lectionne une liste restreinte de participants sur la base des donn\u00e9es soumises.<\/li>\n<li>Un courriel sera envoy\u00e9 aux participants s\u00e9lectionn\u00e9s pour compl\u00e9ter leur profil.<\/li>\n<\/ul>\n<p><strong>Troisi\u00e8me \u00e9tape : soumission de la recherche scientifique <\/strong><\/p>\n<ul>\n<li>Les participants s\u00e9lectionn\u00e9s sont invit\u00e9s \u00e0 soumettre une copie de leurs recherches ou projets scientifiques via le site Web.<\/li>\n<li>Les participants peuvent soumettre des articles nouveaux ou d\u00e9j\u00e0 publi\u00e9s, \u00e0 condition qu\u2019ils aient les droits d\u2019auteur ou l\u2019approbation de l\u2019\u00e9diteur pour participer au prix. <\/li>\n<\/ul>\n<\/div>\n\t\t\t\t<\/div>\n\t\t\t\t\t\t\t<div class=\"elementor-accordion-item\">\n\t\t\t\t\t<div id=\"elementor-tab-title-2456\" class=\"elementor-tab-title\" data-tab=\"6\" role=\"button\" aria-controls=\"elementor-tab-content-2456\" aria-expanded=\"false\">\n\t\t\t\t\t\t\t\t\t\t\t\t\t<span class=\"elementor-accordion-icon elementor-accordion-icon-left\" aria-hidden=\"true\">\n\t\t\t\t\t\t\t\t\t\t\t\t\t\t\t<span class=\"elementor-accordion-icon-closed\"><i class=\"fas fa-plus\"><\/i><\/span>\n\t\t\t\t\t\t\t\t<span class=\"elementor-accordion-icon-opened\"><i class=\"fas fa-minus\"><\/i><\/span>\n\t\t\t\t\t\t\t\t\t\t\t\t\t\t<\/span>\n\t\t\t\t\t\t\t\t\t\t\t\t<a class=\"elementor-accordion-title\" tabindex=\"0\">Horaire  <\/a>\n\t\t\t\t\t<\/div>\n\t\t\t\t\t<div id=\"elementor-tab-content-2456\" class=\"elementor-tab-content elementor-clearfix\" data-tab=\"6\" role=\"region\" aria-labelledby=\"elementor-tab-title-2456\"><p>\n    <span data-mce-type=\"bookmark\" style=\"display: inline-block; width: 0px; overflow: hidden; line-height: 0;\" class=\"mce_SELRES_start\"><\/span><br \/>\n  L\u2019\u00e9ch\u00e9ancier du Prix du dictionnaire de psychologie pour la recherche scientifique a \u00e9t\u00e9 fix\u00e9 pour s\u2019assurer que le processus est organis\u00e9 efficacement et que les participants disposent de suffisamment de temps pour pr\u00e9parer et soumettre leurs candidatures. Le calendrier d\u2019attribution des prix est le suivant :\n<\/p>\n<ul>\n<li>\n<p>\n            <strong>15 novembre 2024 : <\/strong> Annonce officielle du prix et ouverture des candidatures.<br \/> Le prix sera annonc\u00e9 sur toutes les plateformes m\u00e9diatiques et les institutions universitaires, avec le lancement d\u2019une plateforme en ligne d\u00e9di\u00e9e \u00e0 la soumission de candidatures.\n        <\/p>\n<\/li>\n<li>\n<p>\n            <strong>31 mars 2025 : <\/strong> Date limite de soumission.<br \/> Les soumissions se terminent \u00e0 la fin de cette journ\u00e9e. Il est conseill\u00e9 aux participants de soumettre leurs candidatures avant la date limite afin d\u2019\u00e9viter tout probl\u00e8me technique ou retard.\n        <\/p>\n<\/li>\n<li>\n<p>\n            <strong>Deuxi\u00e8me trimestre 2025 : C\u00e9r\u00e9monie de remise des <\/strong> prix et annonce des laur\u00e9ats.<br \/> La c\u00e9r\u00e9monie de remise des prix aura lieu lors d\u2019une occasion sp\u00e9ciale, au cours de laquelle les gagnants de chaque cat\u00e9gorie seront annonc\u00e9s et des prix en argent et des certificats d\u2019appr\u00e9ciation seront remis. Les laur\u00e9ats seront invit\u00e9s \u00e0 y assister et \u00e0 soumettre des r\u00e9sum\u00e9s de leurs recherches.\n        <\/p>\n<\/li>\n<\/ul>\n<\/div>\n\t\t\t\t<\/div>\n\t\t\t\t\t\t\t<div class=\"elementor-accordion-item\">\n\t\t\t\t\t<div id=\"elementor-tab-title-2457\" class=\"elementor-tab-title\" data-tab=\"7\" role=\"button\" aria-controls=\"elementor-tab-content-2457\" aria-expanded=\"false\">\n\t\t\t\t\t\t\t\t\t\t\t\t\t<span class=\"elementor-accordion-icon elementor-accordion-icon-left\" aria-hidden=\"true\">\n\t\t\t\t\t\t\t\t\t\t\t\t\t\t\t<span class=\"elementor-accordion-icon-closed\"><i class=\"fas fa-plus\"><\/i><\/span>\n\t\t\t\t\t\t\t\t<span class=\"elementor-accordion-icon-opened\"><i class=\"fas fa-minus\"><\/i><\/span>\n\t\t\t\t\t\t\t\t\t\t\t\t\t\t<\/span>\n\t\t\t\t\t\t\t\t\t\t\t\t<a class=\"elementor-accordion-title\" tabindex=\"0\">Directives suppl\u00e9mentaires<\/a>\n\t\t\t\t\t<\/div>\n\t\t\t\t\t<div id=\"elementor-tab-content-2457\" class=\"elementor-tab-content elementor-clearfix\" data-tab=\"7\" role=\"region\" aria-labelledby=\"elementor-tab-title-2457\"><ul>\n<li>Tous les articles de recherche r\u00e9dig\u00e9s en arabe, en russe ou en anglais sont accept\u00e9s.<\/li>\n<li>La recherche soumise doit \u00eatre originale ou approuv\u00e9e par l\u2019\u00e9diteur si elle a d\u00e9j\u00e0 \u00e9t\u00e9 publi\u00e9e.<\/li>\n<li>Tous les participants seront inform\u00e9s des \u00e9tapes d\u2019\u00e9valuation et des r\u00e9sultats du prix par e-mail.<\/li>\n<\/ul>\n<\/div>\n\t\t\t\t<\/div>\n\t\t\t\t\t\t\t\t<\/div>\n\t\t\t\t\t\t<\/div>\n\t\t\t\t<\/div>\n\t\t\t\t\t<\/div>\n\t\t<\/div>\n\t\t\t\t\t<\/div>\n\t\t<\/section>\n\t\t\t\t<\/div>\n\t\t","protected":false},"excerpt":{"rendered":"<p>\u00c0 propos du prix Le Prix du dictionnaire de psychologie pour la recherche scientifique, cr\u00e9\u00e9 sous l\u2019\u00e9gide du projet de dictionnaire de psychologie EAU-Russie, est une plate-forme prestigieuse qui vise \u00e0 promouvoir et \u00e0 soutenir l\u2019excellence dans la recherche scientifique et les \u00e9tudes psychologiques. Ce prix r\u00e9affirme l\u2019engagement \u00e0 encourager le dialogue universitaire et le [&hellip;]<\/p>\n","protected":false},"author":1,"featured_media":0,"parent":0,"menu_order":0,"comment_status":"closed","ping_status":"closed","template":"","meta":{"_bbp_topic_count":0,"_bbp_reply_count":0,"_bbp_total_topic_count":0,"_bbp_total_reply_count":0,"_bbp_voice_count":0,"_bbp_anonymous_reply_count":0,"_bbp_topic_count_hidden":0,"_bbp_reply_count_hidden":0,"_bbp_forum_subforum_count":0,"footnotes":""},"class_list":["post-46653","page","type-page","status-publish","hentry"],"_links":{"self":[{"href":"https:\/\/psychologydictionary.ae\/fr\/wp-json\/wp\/v2\/pages\/46653","targetHints":{"allow":["GET"]}}],"collection":[{"href":"https:\/\/psychologydictionary.ae\/fr\/wp-json\/wp\/v2\/pages"}],"about":[{"href":"https:\/\/psychologydictionary.ae\/fr\/wp-json\/wp\/v2\/types\/page"}],"author":[{"embeddable":true,"href":"https:\/\/psychologydictionary.ae\/fr\/wp-json\/wp\/v2\/users\/1"}],"replies":[{"embeddable":true,"href":"https:\/\/psychologydictionary.ae\/fr\/wp-json\/wp\/v2\/comments?post=46653"}],"version-history":[{"count":1,"href":"https:\/\/psychologydictionary.ae\/fr\/wp-json\/wp\/v2\/pages\/46653\/revisions"}],"predecessor-version":[{"id":46654,"href":"https:\/\/psychologydictionary.ae\/fr\/wp-json\/wp\/v2\/pages\/46653\/revisions\/46654"}],"wp:attachment":[{"href":"https:\/\/psychologydictionary.ae\/fr\/wp-json\/wp\/v2\/media?parent=46653"}],"curies":[{"name":"wp","href":"https:\/\/api.w.org\/{rel}","templated":true}]}}