{"id":54135,"date":"2024-11-04T12:50:53","date_gmt":"2024-11-04T12:50:53","guid":{"rendered":"https:\/\/psychologydictionary.ae\/presentation-de-lintegralite-du-document\/"},"modified":"2025-03-29T22:45:36","modified_gmt":"2025-03-29T22:45:36","slug":"presentation-de-lintegralite-du-document","status":"publish","type":"page","link":"https:\/\/psychologydictionary.ae\/fr\/presentation-de-lintegralite-du-document\/","title":{"rendered":"Pr\u00e9sentation de l\u2019int\u00e9gralit\u00e9 du document"},"content":{"rendered":"\t\t<div data-elementor-type=\"wp-page\" data-elementor-id=\"54135\" class=\"elementor elementor-54135 elementor-45299\" data-elementor-post-type=\"page\">\n\t\t\t\t\t\t<section class=\"elementor-section elementor-top-section elementor-element elementor-element-9677016 elementor-section-boxed elementor-section-height-default elementor-section-height-default rt-parallax-bg-no\" data-id=\"9677016\" data-element_type=\"section\" data-e-type=\"section\">\n\t\t\t\t\t\t<div class=\"elementor-container elementor-column-gap-default\">\n\t\t\t\t\t<div class=\"elementor-column elementor-col-33 elementor-top-column elementor-element elementor-element-7e4f94e\" data-id=\"7e4f94e\" data-element_type=\"column\" data-e-type=\"column\">\n\t\t\t<div class=\"elementor-widget-wrap elementor-element-populated\">\n\t\t\t\t\t\t<div class=\"elementor-element elementor-element-ab548df elementor-widget elementor-widget-image\" data-id=\"ab548df\" data-element_type=\"widget\" data-e-type=\"widget\" data-widget_type=\"image.default\">\n\t\t\t\t<div class=\"elementor-widget-container\">\n\t\t\t\t\t\t\t\t\t\t\t\t\t\t\t<img decoding=\"async\" src=\"https:\/\/psychologydictionary.ae\/wp-content\/uploads\/elementor\/thumbs\/IJACS-1394x2048-1-e1722946993354-rga547cctgbsskt0f99zmtyjay08cc9k763xj330zk.jpg\" title=\"IJACS-1394&#215;2048-1-e1722946993354\" alt=\"IJACS-1394x2048-1-e1722946993354\" loading=\"lazy\" \/>\t\t\t\t\t\t\t\t\t\t\t\t\t\t\t<\/div>\n\t\t\t\t<\/div>\n\t\t\t\t\t<\/div>\n\t\t<\/div>\n\t\t\t\t<div class=\"elementor-column elementor-col-66 elementor-top-column elementor-element elementor-element-4d59c83\" data-id=\"4d59c83\" data-element_type=\"column\" data-e-type=\"column\">\n\t\t\t<div class=\"elementor-widget-wrap elementor-element-populated\">\n\t\t\t\t\t\t<div class=\"elementor-element elementor-element-3a85906 elementor-widget elementor-widget-heading\" data-id=\"3a85906\" data-element_type=\"widget\" data-e-type=\"widget\" data-widget_type=\"heading.default\">\n\t\t\t\t<div class=\"elementor-widget-container\">\n\t\t\t\t\t<h2 class=\"elementor-heading-title elementor-size-default\">Revue internationale des d\u00e9fis et des solutions de l\u2019autisme<\/h2>\t\t\t\t<\/div>\n\t\t\t\t<\/div>\n\t\t\t\t<div class=\"elementor-element elementor-element-e185ebb elementor-widget elementor-widget-text-editor\" data-id=\"e185ebb\" data-element_type=\"widget\" data-e-type=\"widget\" data-widget_type=\"text-editor.default\">\n\t\t\t\t<div class=\"elementor-widget-container\">\n\t\t\t\t\t\t\t\t\t<div class=\"wp-block-columns\">\n<div class=\"wp-block-column\">\n<div class=\"wp-block-columns\">\n<div class=\"wp-block-column\" style=\"flex-basis: 100%;\">\n<div class=\"wp-block-columns\">\n<div class=\"wp-block-column\" style=\"flex-basis: 900px;\">\n<div class=\"wp-block-columns\">\n<div class=\"wp-block-column\">\n<div class=\"wp-block-columns\">\n<div class=\"wp-block-column\" style=\"flex-basis: 100%;\">\n<div class=\"wp-block-columns\">\n<div class=\"wp-block-column\" style=\"flex-basis: 900px;\">\n<p>Autism Challenges and Solution est une publication scientifique \u00e9valu\u00e9e par des pairs ax\u00e9e sur le domaine de la recherche, de l\u2019intervention et du soutien en autisme. Il sert de plate-forme pour les chercheurs, les m\u00e9decins, les \u00e9ducateurs et d\u2019autres professionnels travaillant dans la communaut\u00e9 de l\u2019autisme pour partager leurs connaissances, leurs id\u00e9es et leurs m\u00e9thodes innovantes. L\u2019IJACS s\u2019engage \u00e0 faire progresser la compr\u00e9hension des troubles du spectre autistique (TSA) et \u00e0 relever les d\u00e9fis qui y sont associ\u00e9s. Il publie des articles de recherche originaux de haute qualit\u00e9, des revues syst\u00e9matiques, des \u00e9tudes de cas et des articles th\u00e9oriques qui contribuent \u00e0 l\u2019ensemble actuel des connaissances dans le domaine.        <\/p>\n<\/div>\n<\/div>\n<\/div>\n<\/div>\n<\/div>\n<\/div>\n<\/div>\n<\/div>\n<\/div>\n<\/div>\n<\/div>\n<\/div>\t\t\t\t\t\t\t\t<\/div>\n\t\t\t\t<\/div>\n\t\t\t\t\t<\/div>\n\t\t<\/div>\n\t\t\t\t\t<\/div>\n\t\t<\/section>\n\t\t\t\t<section class=\"elementor-section elementor-top-section elementor-element elementor-element-d3eb24a elementor-section-boxed elementor-section-height-default elementor-section-height-default rt-parallax-bg-no\" data-id=\"d3eb24a\" data-element_type=\"section\" data-e-type=\"section\">\n\t\t\t\t\t\t<div class=\"elementor-container elementor-column-gap-default\">\n\t\t\t\t\t<div class=\"elementor-column elementor-col-100 elementor-top-column elementor-element elementor-element-32829d9\" data-id=\"32829d9\" data-element_type=\"column\" data-e-type=\"column\">\n\t\t\t<div class=\"elementor-widget-wrap elementor-element-populated\">\n\t\t\t\t\t\t<div class=\"elementor-element elementor-element-c6ee57d elementor-widget elementor-widget-heading\" data-id=\"c6ee57d\" data-element_type=\"widget\" data-e-type=\"widget\" data-widget_type=\"heading.default\">\n\t\t\t\t<div class=\"elementor-widget-container\">\n\t\t\t\t\t<h2 class=\"elementor-heading-title elementor-size-default\">Opportunit\u00e9s de publication pour l\u2019International Journal of Autism Challenges and Solutions\n\n<\/h2>\t\t\t\t<\/div>\n\t\t\t\t<\/div>\n\t\t\t\t<div class=\"elementor-element elementor-element-274068b elementor-widget elementor-widget-text-editor\" data-id=\"274068b\" data-element_type=\"widget\" data-e-type=\"widget\" data-widget_type=\"text-editor.default\">\n\t\t\t\t<div class=\"elementor-widget-container\">\n\t\t\t\t\t\t\t\t\t<ul>\n<li>Toutes les candidatures accept\u00e9es pour la conf\u00e9rence ont les possibilit\u00e9s de publication suivantes :<\/li>\n<\/ul>\t\t\t\t\t\t\t\t<\/div>\n\t\t\t\t<\/div>\n\t\t\t\t<div class=\"elementor-element elementor-element-3c769ff elementor-widget elementor-widget-heading\" data-id=\"3c769ff\" data-element_type=\"widget\" data-e-type=\"widget\" data-widget_type=\"heading.default\">\n\t\t\t\t<div class=\"elementor-widget-container\">\n\t\t\t\t\t<h2 class=\"elementor-heading-title elementor-size-default\">Livre de synth\u00e8se de la conf\u00e9rence\n\n<\/h2>\t\t\t\t<\/div>\n\t\t\t\t<\/div>\n\t\t\t\t<div class=\"elementor-element elementor-element-aced394 elementor-widget elementor-widget-text-editor\" data-id=\"aced394\" data-element_type=\"widget\" data-e-type=\"widget\" data-widget_type=\"text-editor.default\">\n\t\t\t\t<div class=\"elementor-widget-container\">\n\t\t\t\t\t\t\t\t\t<p>Tous les r\u00e9sum\u00e9s accept\u00e9s et enregistr\u00e9s de l\u2019International Journal of Applied Technology in Medical Sciences seront publi\u00e9s dans le livre de synth\u00e8se de la conf\u00e9rence avec l\u2019ISSN associ\u00e9.<\/p>\n<p>Le livre de r\u00e9sum\u00e9s sera disponible le jour de la conf\u00e9rence.<\/p>\t\t\t\t\t\t\t\t<\/div>\n\t\t\t\t<\/div>\n\t\t\t\t<div class=\"elementor-element elementor-element-04ad7a8 elementor-widget elementor-widget-heading\" data-id=\"04ad7a8\" data-element_type=\"widget\" data-e-type=\"widget\" data-widget_type=\"heading.default\">\n\t\t\t\t<div class=\"elementor-widget-container\">\n\t\t\t\t\t<h2 class=\"elementor-heading-title elementor-size-default\">Actes de la conf\u00e9rence\n\n<\/h2>\t\t\t\t<\/div>\n\t\t\t\t<\/div>\n\t\t\t\t<div class=\"elementor-element elementor-element-ff7f916 elementor-widget elementor-widget-text-editor\" data-id=\"ff7f916\" data-element_type=\"widget\" data-e-type=\"widget\" data-widget_type=\"text-editor.default\">\n\t\t\t\t<div class=\"elementor-widget-container\">\n\t\t\t\t\t\t\t\t\t<p>Le comit\u00e9 d\u2019organisation de la conf\u00e9rence travaille avec des revues internationales index\u00e9es d\u2019\u00e9diteurs bien connus, notamment Google Scholar, Web of Science, DOAJ et bien d\u2019autres. Les participants \u00e0 la conf\u00e9rence seront assist\u00e9s et invit\u00e9s \u00e0 publier leurs articles dans le num\u00e9ro r\u00e9gulier ou les num\u00e9ros sp\u00e9ciaux de ces revues.   <\/p>\n\t\t\t\t\t\t\t\t<\/div>\n\t\t\t\t<\/div>\n\t\t\t\t<div class=\"elementor-element elementor-element-153ef18 elementor-widget elementor-widget-text-editor\" data-id=\"153ef18\" data-element_type=\"widget\" data-e-type=\"widget\" data-widget_type=\"text-editor.default\">\n\t\t\t\t<div class=\"elementor-widget-container\">\n\t\t\t\t\t\t\t\t\t<p>Avantages de la publication dans les actes de conf\u00e9rence<\/p>\n<ul>\n<li>L\u2019identificateur d\u2019objet num\u00e9rique (DOI) sera attribu\u00e9 \u00e0 chaque feuille de r\u00e9f\u00e9rence crois\u00e9e.<\/li>\n<li>Les actions doivent \u00eatre envoy\u00e9es \u00e0 Google Scholar pour l\u2019indexation.<\/li>\n<li>Les actes de la conf\u00e9rence seront publi\u00e9s sous forme \u00e9lectronique sous la cote ISSN 2791-3171.<\/li>\n<\/ul>\t\t\t\t\t\t\t\t<\/div>\n\t\t\t\t<\/div>\n\t\t\t\t<div class=\"elementor-element elementor-element-5cd0a91 elementor-widget elementor-widget-heading\" data-id=\"5cd0a91\" data-element_type=\"widget\" data-e-type=\"widget\" data-widget_type=\"heading.default\">\n\t\t\t\t<div class=\"elementor-widget-container\">\n\t\t\t\t\t<h2 class=\"elementor-heading-title elementor-size-default\">Possibilit\u00e9 de publier des articles dans des revues index\u00e9es et \u00e9valu\u00e9es par des pairs\n\n<\/h2>\t\t\t\t<\/div>\n\t\t\t\t<\/div>\n\t\t\t\t<div class=\"elementor-element elementor-element-4e7a6a5 elementor-widget elementor-widget-text-editor\" data-id=\"4e7a6a5\" data-element_type=\"widget\" data-e-type=\"widget\" data-widget_type=\"text-editor.default\">\n\t\t\t\t<div class=\"elementor-widget-container\">\n\t\t\t\t\t\t\t\t\t<p>Les auteurs de tous les r\u00e9sum\u00e9s accept\u00e9s qui se sont inscrits \u00e0 la conf\u00e9rence sont encourag\u00e9s \u00e0 soumettre des articles complets pour publication dans les actes de la conf\u00e9rence. Les actes de la conf\u00e9rence seront publi\u00e9s dans l\u2019ISBN. Les articles complets soumis pour les actes de la conf\u00e9rence seront soumis \u00e0 un processus d\u2019examen en double aveugle et seront publi\u00e9s \u00e9lectroniquement avec le num\u00e9ro DOI.    <\/p>\n\t\t\t\t\t\t\t\t<\/div>\n\t\t\t\t<\/div>\n\t\t\t\t<div class=\"elementor-element elementor-element-c2230e7 elementor-widget elementor-widget-text-editor\" data-id=\"c2230e7\" data-element_type=\"widget\" data-e-type=\"widget\" data-widget_type=\"text-editor.default\">\n\t\t\t\t<div class=\"elementor-widget-container\">\n\t\t\t\t\t\t\t\t\t<p><em><strong>Remarque importante :<\/strong> <\/em>La d\u00e9cision d\u2019inclure ou non l\u2019un des articles dans la publication de la revue reste \u00e0 la discr\u00e9tion des r\u00e9dacteurs de la revue dans son int\u00e9gralit\u00e9 et est soumise aux r\u00e9sultats d\u2019un examen par les pairs en double aveugle et \u00e0 l\u2019ach\u00e8vement satisfaisant de toutes les r\u00e9visions requises.<\/p>\n\t\t\t\t\t\t\t\t<\/div>\n\t\t\t\t<\/div>\n\t\t\t\t<div class=\"elementor-element elementor-element-e585147 elementor-widget elementor-widget-heading\" data-id=\"e585147\" data-element_type=\"widget\" data-e-type=\"widget\" data-widget_type=\"heading.default\">\n\t\t\t\t<div class=\"elementor-widget-container\">\n\t\t\t\t\t<h2 class=\"elementor-heading-title elementor-size-default\">Politique sur le plagiat et \u00e9thique de publication\n<\/h2>\t\t\t\t<\/div>\n\t\t\t\t<\/div>\n\t\t\t\t<div class=\"elementor-element elementor-element-bf2b4c9 elementor-widget elementor-widget-text-editor\" data-id=\"bf2b4c9\" data-element_type=\"widget\" data-e-type=\"widget\" data-widget_type=\"text-editor.default\">\n\t\t\t\t<div class=\"elementor-widget-container\">\n\t\t\t\t\t\t\t\t\t<div class=\"qodef-content\">\n<div class=\"qodef-content-inner\">\n<div class=\"qodef-container qodef-default-page-template\">\n<div class=\"qodef-container-inner clearfix\">\n<div class=\"qodef-grid-row \">\n<div class=\"qodef-page-content-holder qodef-grid-col-12\">\n<p>L\u2019International Journal of Autism Challenges and Solution Science suit des politiques anti-plagiat strictes et, en tant que tel, v\u00e9rifie chaque soumission de plagiat \u00e0 l\u2019aide de Crossref Similarity Check aliment\u00e9 par iThenticate. Tous les articles soumis sont d\u2019abord soumis \u00e0 un examen de plagiat avant d\u2019\u00eatre envoy\u00e9s \u00e0 notre comit\u00e9 scientifique pour examen. La demande sera automatiquement rejet\u00e9e \u00e0 tout moment si elle s\u2019av\u00e8re plagi\u00e9e. Si vous souhaitez en savoir plus sur iThenticate, cliquez sur le lien suivant :        <\/p>\n<\/div>\n<\/div>\n<\/div>\n<\/div>\n<\/div>\n<\/div>\n<footer class=\"qodef-page-footer \">\n<div class=\"qodef-footer-top-holder\">\n<div class=\"qodef-footer-top-inner qodef-grid\">\n<div class=\"qodef-grid-row qodef-footer-top-alignment-left\">\n<div class=\"qodef-column-content qodef-grid-col-3\">\n<div id=\"block-23\" class=\"widget qodef-footer-column-1 widget_block\"> <\/div>\n<\/div>\n<\/div>\n<\/div>\n<\/div>\n<\/footer>\t\t\t\t\t\t\t\t<\/div>\n\t\t\t\t<\/div>\n\t\t\t\t\t<\/div>\n\t\t<\/div>\n\t\t\t\t\t<\/div>\n\t\t<\/section>\n\t\t\t\t<\/div>\n\t\t","protected":false},"excerpt":{"rendered":"<p>Revue internationale des d\u00e9fis et des solutions de l\u2019autisme Autism Challenges and Solution est une publication scientifique \u00e9valu\u00e9e par des pairs ax\u00e9e sur le domaine de la recherche, de l\u2019intervention et du soutien en autisme. Il sert de plate-forme pour les chercheurs, les m\u00e9decins, les \u00e9ducateurs et d\u2019autres professionnels travaillant dans la communaut\u00e9 de l\u2019autisme [&hellip;]<\/p>\n","protected":false},"author":1,"featured_media":0,"parent":0,"menu_order":0,"comment_status":"closed","ping_status":"closed","template":"","meta":{"_bbp_topic_count":0,"_bbp_reply_count":0,"_bbp_total_topic_count":0,"_bbp_total_reply_count":0,"_bbp_voice_count":0,"_bbp_anonymous_reply_count":0,"_bbp_topic_count_hidden":0,"_bbp_reply_count_hidden":0,"_bbp_forum_subforum_count":0,"footnotes":""},"class_list":["post-54135","page","type-page","status-publish","hentry"],"_links":{"self":[{"href":"https:\/\/psychologydictionary.ae\/fr\/wp-json\/wp\/v2\/pages\/54135","targetHints":{"allow":["GET"]}}],"collection":[{"href":"https:\/\/psychologydictionary.ae\/fr\/wp-json\/wp\/v2\/pages"}],"about":[{"href":"https:\/\/psychologydictionary.ae\/fr\/wp-json\/wp\/v2\/types\/page"}],"author":[{"embeddable":true,"href":"https:\/\/psychologydictionary.ae\/fr\/wp-json\/wp\/v2\/users\/1"}],"replies":[{"embeddable":true,"href":"https:\/\/psychologydictionary.ae\/fr\/wp-json\/wp\/v2\/comments?post=54135"}],"version-history":[{"count":1,"href":"https:\/\/psychologydictionary.ae\/fr\/wp-json\/wp\/v2\/pages\/54135\/revisions"}],"predecessor-version":[{"id":54139,"href":"https:\/\/psychologydictionary.ae\/fr\/wp-json\/wp\/v2\/pages\/54135\/revisions\/54139"}],"wp:attachment":[{"href":"https:\/\/psychologydictionary.ae\/fr\/wp-json\/wp\/v2\/media?parent=54135"}],"curies":[{"name":"wp","href":"https:\/\/api.w.org\/{rel}","templated":true}]}}