{"id":54142,"date":"2024-11-04T11:30:08","date_gmt":"2024-11-04T11:30:08","guid":{"rendered":"https:\/\/psychologydictionary.ae\/themes-et-sujets\/"},"modified":"2025-03-29T22:45:36","modified_gmt":"2025-03-29T22:45:36","slug":"themes-et-sujets","status":"publish","type":"page","link":"https:\/\/psychologydictionary.ae\/fr\/themes-et-sujets\/","title":{"rendered":"Th\u00e8mes et sujets"},"content":{"rendered":"\n<h2 class=\"wp-block-heading\"><strong>Dictionnaire de psychologie<\/strong><\/h2>\n\n<p><br\/>Nous invitons des professionnels respect\u00e9s de la psychologie, des chercheurs et des d\u00e9cideurs politiques de Russie et du monde arabe. Ce rassemblement diversifi\u00e9 rassemble des psychologues sp\u00e9cialis\u00e9s dans divers domaines, des praticiens de la sant\u00e9 mentale, des chercheurs universitaires menant des \u00e9tudes novatrices et des repr\u00e9sentants du gouvernement qui influencent les politiques de sant\u00e9 mentale.      <\/p>\n\n<p>La conf\u00e9rence comprend plus de 20 ateliers et s\u00e9ances de formation con\u00e7us pour am\u00e9liorer les comp\u00e9tences en techniques d\u2019\u00e9valuation psychologique, en pratiques th\u00e9rapeutiques, en soins de sant\u00e9 mentale centr\u00e9s sur le patient et en strat\u00e9gies efficaces de gestion de la sant\u00e9 mentale.<\/p>\n\n<p>Les r\u00e9sum\u00e9s soumis seront \u00e9valu\u00e9s par le Comit\u00e9 scientifique. Une fois le r\u00e9sum\u00e9 accept\u00e9, les auteurs doivent soumettre des articles en texte int\u00e9gral, y compris les r\u00e9sultats, les tableaux, les figures et les r\u00e9f\u00e9rences. Toutes les demandes doivent soumettre des recherches originales et in\u00e9dites. Les articles en texte int\u00e9gral (formats .docx et .doc) doivent \u00eatre soumis via le formulaire de candidature en ligne et doivent respecter les directives de format fournies par le comit\u00e9 de la conf\u00e9rence.       <\/p>\n\n<h2 class=\"wp-block-heading\">Dates importantes<\/h2>\n\n<p><br\/>Annonce de la conf\u00e9rence officielle et de la conf\u00e9rence de presse &#8230;&#8230;&#8230;&#8230;&#8230;&#8230;&#8230;&#8230;&#8230;&#8230;&#8230;&#8230;&#8230;&#8230;&#8230;&#8230;&#8230;&#8230;&#8230;&#8230;&#8230;&#8230;&#8230;. 25 d\u00e9cembre 2024   <\/p>\n\n<p>Les inscriptions sont ouvertes pour soumettre des articles de recherche &#8230;&#8230;&#8230;&#8230;&#8230;&#8230;&#8230;&#8230;&#8230;&#8230;&#8230;&#8230;&#8230;&#8230;&#8230;&#8230;&#8230;&#8230;&#8230;&#8230;&#8230;&#8230;&#8230;. 20 f\u00e9vrier 2025    <\/p>\n\n<p>Date limite de soumission des r\u00e9sum\u00e9s &#8230;&#8230;&#8230;&#8230;&#8230;&#8230;&#8230;&#8230;&#8230;&#8230;&#8230;&#8230;&#8230;&#8230;&#8230;&#8230;&#8230;&#8230;&#8230;&#8230;&#8230;&#8230;&#8230;. 10 d\u00e9cembre 2025   <\/p>\n\n<p>&#8230;&#8230;&#8230;&#8230;&#8230;&#8230;&#8230;&#8230;&#8230;&#8230;&#8230;&#8230;&#8230;&#8230;&#8230;&#8230;&#8230;&#8230;&#8230;&#8230;&#8230;&#8230;&#8230;. Conf\u00e9rence du 19 au 22 d\u00e9cembre 2025   <\/p>\n\n<h2 class=\"wp-block-heading\">Th\u00e8mes de la conf\u00e9rence<br\/><\/h2>\n\n<div class=\"wp-block-columns is-layout-flex wp-container-core-columns-is-layout-9d6595d7 wp-block-columns-is-layout-flex\">\n<div class=\"wp-block-column is-layout-flow wp-block-column-is-layout-flow\">\n<ul class=\"wp-block-list\">\n<li>Terminologie des troubles du spectre autistique (TSA)<\/li>\n\n\n\n<li>Interventions comportementales : concepts de base et d\u00e9finitions <\/li>\n\n\n\n<li>M\u00e9dias sociaux : terminologie et techniques <\/li>\n\n\n\n<li>Traitement sensoriel : glossaire des termes associ\u00e9s <\/li>\n\n\n\n<li>Neurodiversit\u00e9 : d\u00e9finitions et effets <\/li>\n\n\n\n<li>Caract\u00e9ristiques cognitives de l\u2019autisme : un dictionnaire de termes <\/li>\n\n\n\n<li>Intervention pr\u00e9coce : concepts et terminologie <\/li>\n\n\n\n<li>Dynamique familiale dans l\u2019autisme : termes cl\u00e9s et d\u00e9finitions <\/li>\n\n\n\n<li>Strat\u00e9gies \u00e9ducatives : un glossaire pour les enseignants et les th\u00e9rapeutes <\/li>\n\n\n\n<li>Comorbidit\u00e9s de sant\u00e9 mentale dans l\u2019autisme : termes et d\u00e9finitions <\/li>\n<\/ul>\n<\/div>\n\n\n\n<div class=\"wp-block-column is-layout-flow wp-block-column-is-layout-flow\">\n<ul class=\"wp-block-list\">\n<li>Technologies d\u2019assistance : conditions pour le soutien \u00e0 l\u2019autisme <\/li>\n\n\n\n<li>Planification de la transition : concepts de base pour les adolescents adultes autistes <\/li>\n\n\n\n<li>Perspectives culturelles sur l\u2019autisme : Glossaire <\/li>\n\n\n\n<li>Plaidoyer en faveur de l\u2019autisme : termes cl\u00e9s et mouvements <\/li>\n\n\n\n<li>M\u00e9thodologies de recherche dans les \u00e9tudes sur l\u2019autisme : d\u00e9finitions et concepts <\/li>\n\n\n\n<li>Comprendre l\u2019autisme : deux boutons pour ouvrir la communication et le soutien <\/li>\n\n\n\n<li>R\u00e9soudre les probl\u00e8mes d\u2019autisme : appuyer sur les boutons de recherche et d\u2019invitation <\/li>\n\n\n\n<li>Autism Insights : deux boutons pour naviguer dans les d\u00e9fis et les solutions <\/li>\n\n\n\n<li>Favoriser la sensibilisation \u00e0 l\u2019autisme : deux boutons pour am\u00e9liorer la compr\u00e9hension et l\u2019action <\/li>\n\n\n\n<li>Combler les lacunes dans l\u2019autisme : deux boutons pour la communication et la croissance <\/li>\n<\/ul>\n<\/div>\n<\/div>\n","protected":false},"excerpt":{"rendered":"<p>Dictionnaire de psychologie Nous invitons des professionnels respect\u00e9s de la psychologie, des chercheurs et des d\u00e9cideurs politiques de Russie et du monde arabe. Ce rassemblement diversifi\u00e9 rassemble des psychologues sp\u00e9cialis\u00e9s dans divers domaines, des praticiens de la sant\u00e9 mentale, des chercheurs universitaires menant des \u00e9tudes novatrices et des repr\u00e9sentants du gouvernement qui influencent les politiques [&hellip;]<\/p>\n","protected":false},"author":1,"featured_media":0,"parent":0,"menu_order":0,"comment_status":"closed","ping_status":"closed","template":"","meta":{"_bbp_topic_count":0,"_bbp_reply_count":0,"_bbp_total_topic_count":0,"_bbp_total_reply_count":0,"_bbp_voice_count":0,"_bbp_anonymous_reply_count":0,"_bbp_topic_count_hidden":0,"_bbp_reply_count_hidden":0,"_bbp_forum_subforum_count":0,"footnotes":""},"class_list":["post-54142","page","type-page","status-publish","hentry"],"_links":{"self":[{"href":"https:\/\/psychologydictionary.ae\/fr\/wp-json\/wp\/v2\/pages\/54142","targetHints":{"allow":["GET"]}}],"collection":[{"href":"https:\/\/psychologydictionary.ae\/fr\/wp-json\/wp\/v2\/pages"}],"about":[{"href":"https:\/\/psychologydictionary.ae\/fr\/wp-json\/wp\/v2\/types\/page"}],"author":[{"embeddable":true,"href":"https:\/\/psychologydictionary.ae\/fr\/wp-json\/wp\/v2\/users\/1"}],"replies":[{"embeddable":true,"href":"https:\/\/psychologydictionary.ae\/fr\/wp-json\/wp\/v2\/comments?post=54142"}],"version-history":[{"count":1,"href":"https:\/\/psychologydictionary.ae\/fr\/wp-json\/wp\/v2\/pages\/54142\/revisions"}],"predecessor-version":[{"id":54143,"href":"https:\/\/psychologydictionary.ae\/fr\/wp-json\/wp\/v2\/pages\/54142\/revisions\/54143"}],"wp:attachment":[{"href":"https:\/\/psychologydictionary.ae\/fr\/wp-json\/wp\/v2\/media?parent=54142"}],"curies":[{"name":"wp","href":"https:\/\/api.w.org\/{rel}","templated":true}]}}