{"id":54301,"date":"2024-11-04T11:51:55","date_gmt":"2024-11-04T11:51:55","guid":{"rendered":"https:\/\/psychologydictionary.ae\/format-papier\/"},"modified":"2025-03-29T22:47:17","modified_gmt":"2025-03-29T22:47:17","slug":"format-papier","status":"publish","type":"page","link":"https:\/\/psychologydictionary.ae\/fr\/format-papier\/","title":{"rendered":"Format papier"},"content":{"rendered":"\n<h3 class=\"wp-block-heading\">Format du r\u00e9sum\u00e9<\/h3>\n\n<p>Vous \u00eates invit\u00e9s \u00e0 soumettre votre r\u00e9sum\u00e9 au dictionnaire de psychologie. Veuillez envoyer votre r\u00e9sum\u00e9 pour \u00e9valuation par le comit\u00e9 scientifique et, si le r\u00e9sum\u00e9 est accept\u00e9, le candidat doit soumettre un article en texte int\u00e9gral. L\u2019article complet sera demand\u00e9 pour des opportunit\u00e9s de publication ult\u00e9rieures. Dans le cas contraire, seul votre r\u00e9sum\u00e9 sera publi\u00e9 dans la proc\u00e9dure. Lorsque vous payez les frais d\u2019inscription, votre pr\u00e9sentation sera confirm\u00e9e.         <\/p>\n\n<h3 class=\"wp-block-heading\">Format papier complet<\/h3>\n\n<p>Les articles de haute qualit\u00e9 d\u00e9taillant les r\u00e9sultats originaux et non publi\u00e9s de recherches th\u00e9oriques, empiriques, constructives ou conceptuelles dans l\u2019un des domaines sp\u00e9cifiques sont les bienvenus. En soumettant un manuscrit, les auteurs confirment qu\u2019il n\u2019est pas actuellement en cours d\u2019examen en vue d\u2019une publication ailleurs.    <\/p>\n\n<ul class=\"wp-block-list\">\n<li>Feuille compl\u00e8te : De 12 \u00e0 25 pages, y compris les r\u00e9f\u00e9rences, les tableaux\/graphiques et les mots-cl\u00e9s  <\/li>\n\n\n\n<li>R\u00e9sum\u00e9 : 200-250 mots <\/li>\n\n\n\n<li>Mots-cl\u00e9s : 3-5 mots <\/li>\n\n\n\n<li>Police de caract\u00e8re\u00a0: 12 points Times New Roman <\/li>\n\n\n\n<li>Paragraphe : simple interligne <\/li>\n\n\n\n<li>Marge : Normale (Haut : 2,54 cm, Bas : 2,54 cm ; Gauche : 3,18 cm, Droite : 3,18 cm)       <\/li>\n\n\n\n<li>Num\u00e9ros de page : en bas au centre <\/li>\n\n\n\n<li>Mise en page : Verticale d\u2019une colonne <\/li>\n\n\n\n<li>Format de fichier\u00a0: Fichier compatible MS Word <br\/><\/li>\n<\/ul>\n\n<h3 class=\"wp-block-heading\">Processus d\u2019examen complet des articles<\/h3>\n\n<ul class=\"wp-block-list\">\n<li>Tous les manuscrits feront l\u2019objet d\u2019un examen par les pairs en double aveugle et doivent r\u00e9pondre aux normes scientifiques de modernit\u00e9 et d\u2019excellence acad\u00e9mique.<\/li>\n\n\n\n<li>L\u2019auteur soumis est responsable de s\u2019assurer que la publication de l\u2019article est approuv\u00e9e par tous les autres co-auteurs et est responsable de l\u2019article lors de la soumission et de l\u2019examen par les pairs.<\/li>\n\n\n\n<li>La responsabilit\u00e9 de l\u2019\u00e9diteur ne saurait \u00eatre engag\u00e9e en cas de demande d\u2019indemnisation.<br\/><\/li>\n<\/ul>\n\n<h3 class=\"wp-block-heading\">\u00c9thique acad\u00e9mique<\/h3>\n\n<p>La conf\u00e9rence exige que les articles soumis contiennent des r\u00e9sultats de recherche nouveaux et non publi\u00e9s. Le respect des principes \u00e9thiques est crucial dans le milieu universitaire et, par cons\u00e9quent, le plagiat ne sera pas tol\u00e9r\u00e9. S\u2019il est d\u00e9couvert que l\u2019auteur a commis un plagiat, il refuse imm\u00e9diatement de le soumettre.       <\/p>\n\n<h3 class=\"wp-block-heading\">Langue<\/h3>\n\n<ul class=\"wp-block-list\">\n<li>Tous les manuscrits doivent \u00eatre r\u00e9dig\u00e9s en anglais, l\u2019utilisation am\u00e9ricaine ou britannique \u00e9tant accept\u00e9e. Cependant, une combinaison des deux n\u2019est pas autoris\u00e9e.     <\/li>\n\n\n\n<li>Les auteurs qui craignent que leur manuscrit ne contienne des fautes de grammaire ou d\u2019orthographe ou ne respectent pas l\u2019anglais scientifique correct peuvent envisager d\u2019utiliser des applications ou des services d\u2019\u00e9dition pertinents pour am\u00e9liorer leur travail.<\/li>\n<\/ul>\n\n<h3 class=\"wp-block-heading\">Structure du papier<\/h3>\n\n<ul class=\"wp-block-list\">\n<li>1. But\/Objectifs<\/li>\n\n\n\n<li>2. M\u00e9thodologie et approche<\/li>\n\n\n\n<li>3. R\u00e9sultats \/ R\u00e9sultats<\/li>\n\n\n\n<li>4. Conclusion \/ Implications \/ Recommandations<\/li>\n\n\n\n<li>5. Remerciements (le cas \u00e9ch\u00e9ant)<\/li>\n\n\n\n<li>6. R\u00e9f\u00e9rences<\/li>\n\n\n\n<li>7. Annexes (le cas \u00e9ch\u00e9ant)<\/li>\n<\/ul>\n\n<h3 class=\"wp-block-heading\">Affichage et d\u00e9ploiement<\/h3>\n\n<ul class=\"wp-block-list\">\n<li>Une feuille compl\u00e8te est requise.<br\/><\/li>\n<\/ul>\n\n<h3 class=\"wp-block-heading\">Format de fichier<\/h3>\n\n<ul class=\"wp-block-list\">\n<li>Fichier compatible MS Word<\/li>\n<\/ul>\n\n<p><strong>Comment postuler<\/strong><\/p>\n\n<p>Veuillez soumettre votre article via <a href=\"https:\/\/euroarabmed.com\/paper-format\/#\"><strong>le formulaire de candidature en ligne<\/strong>.<\/a> Si vous avez des questions sur la candidature, veuillez nous contacter \u00e0 l\u2019adresse suivante : <a href=\"mailto:info@zho.gov.ae\"><strong>info@zho.gov.ae<\/strong><\/a> <br\/><br\/><strong>Instructions pour la pr\u00e9sentation orale<\/strong><\/p>\n\n<p><\/p><div><strong style=\"background: 0px 0px; border: 0px; margin: 0px; padding: 0px; vertical-align: baseline; outline: 0px; box-sizing: border-box;\"><\/strong><\/div>\n\n<p>Les pr\u00e9sentations doivent durer environ 15 minutes, et les pr\u00e9sentateurs sont libres d\u2019utiliser le format de pr\u00e9sentation qu\u2019ils pr\u00e9f\u00e8rent. L\u2019\u00e9quipement n\u00e9cessaire \u00e0 la pr\u00e9sentation peut \u00eatre fourni sur demande. Pour s\u2019assurer que tout l\u2019\u00e9quipement n\u00e9cessaire est disponible, nous demandons aux soumissionnaires d\u2019arriver t\u00f4t pour leur pr\u00e9sentation pr\u00e9vue.      <\/p>\n\n<p><strong>Processus d\u2019\u00e9valuation<\/strong><\/p>\n\n<p>Tous les articles feront l\u2019objet d\u2019une \u00e9valuation par les pairs en double aveugle. Le processus d\u2019\u00e9valuation est consid\u00e9r\u00e9 dans la pertinence, la structure, la m\u00e9thode de recherche, le comportement \u00e9thique, la norme linguistique, l\u2019innovation, les r\u00e9f\u00e9rences, l\u2019hypoth\u00e8se, la pr\u00e9sentation des r\u00e9sultats, la comp\u00e9tence, le format, parmi de nombreux autres facteurs. Les communications accept\u00e9es seront publi\u00e9es dans <strong>les actes de la conf\u00e9rence.<\/strong>               <\/p>\n\n<h3 class=\"wp-block-heading\">Format de l\u2019affiche<\/h3>\n\n<p>Pour vous assurer que votre affiche est facile \u00e0 lire et attrayante, nous vous recommandons d\u2019inclure des aides visuelles telles que des tableaux ou des graphiques. Le titre de votre affiche ainsi que les noms et affiliations des auteurs doivent \u00eatre affich\u00e9s bien en haut. Gardez \u00e0 l\u2019esprit que le public peut avoir peu de temps pour lire votre affiche, alors visez la clart\u00e9 et la simplicit\u00e9.      <\/p>\n\n<p>Les \u00e9tiquettes doivent \u00eatre de format de papier international A1 et tous les mat\u00e9riaux, y compris le titre, doivent correspondre \u00e0 la taille d\u2019\u00e9tiquette sp\u00e9cifi\u00e9e. Pour vous assurer que votre \u00e9tiquette adh\u00e8re correctement aux panneaux d\u2019affichage, veuillez \u00e9viter d\u2019utiliser un noyau en mousse ou tout autre mat\u00e9riau \u00e9pais ou multicouche, ainsi que des punaises directement sur les panneaux d\u2019\u00e9tiquettes.       <\/p>\n\n<p>Toutes les affiches doivent \u00eatre bas\u00e9es sur le r\u00e9sum\u00e9 accept\u00e9 tel qu\u2019approuv\u00e9 par le comit\u00e9 scientifique. Assurez-vous d\u2019apporter votre affiche avec vous \u00e0 la conf\u00e9rence. Vous pouvez nous contacter via ce lien : <a href=\"https:\/\/psychologydictionary.ae\/contact\/\">https:\/\/psychologydictionary.ae\/contact<\/a>    <\/p>\n\n<p><\/p>\n","protected":false},"excerpt":{"rendered":"<p>Format du r\u00e9sum\u00e9 Vous \u00eates invit\u00e9s \u00e0 soumettre votre r\u00e9sum\u00e9 au dictionnaire de psychologie. Veuillez envoyer votre r\u00e9sum\u00e9 pour \u00e9valuation par le comit\u00e9 scientifique et, si le r\u00e9sum\u00e9 est accept\u00e9, le candidat doit soumettre un article en texte int\u00e9gral. L\u2019article complet sera demand\u00e9 pour des opportunit\u00e9s de publication ult\u00e9rieures. Dans le cas contraire, seul votre [&hellip;]<\/p>\n","protected":false},"author":1,"featured_media":0,"parent":0,"menu_order":0,"comment_status":"closed","ping_status":"closed","template":"","meta":{"_bbp_topic_count":0,"_bbp_reply_count":0,"_bbp_total_topic_count":0,"_bbp_total_reply_count":0,"_bbp_voice_count":0,"_bbp_anonymous_reply_count":0,"_bbp_topic_count_hidden":0,"_bbp_reply_count_hidden":0,"_bbp_forum_subforum_count":0,"footnotes":""},"class_list":["post-54301","page","type-page","status-publish","hentry"],"_links":{"self":[{"href":"https:\/\/psychologydictionary.ae\/fr\/wp-json\/wp\/v2\/pages\/54301","targetHints":{"allow":["GET"]}}],"collection":[{"href":"https:\/\/psychologydictionary.ae\/fr\/wp-json\/wp\/v2\/pages"}],"about":[{"href":"https:\/\/psychologydictionary.ae\/fr\/wp-json\/wp\/v2\/types\/page"}],"author":[{"embeddable":true,"href":"https:\/\/psychologydictionary.ae\/fr\/wp-json\/wp\/v2\/users\/1"}],"replies":[{"embeddable":true,"href":"https:\/\/psychologydictionary.ae\/fr\/wp-json\/wp\/v2\/comments?post=54301"}],"version-history":[{"count":1,"href":"https:\/\/psychologydictionary.ae\/fr\/wp-json\/wp\/v2\/pages\/54301\/revisions"}],"predecessor-version":[{"id":54302,"href":"https:\/\/psychologydictionary.ae\/fr\/wp-json\/wp\/v2\/pages\/54301\/revisions\/54302"}],"wp:attachment":[{"href":"https:\/\/psychologydictionary.ae\/fr\/wp-json\/wp\/v2\/media?parent=54301"}],"curies":[{"name":"wp","href":"https:\/\/api.w.org\/{rel}","templated":true}]}}